{"id":203972,"date":"2026-01-13T10:17:22","date_gmt":"2026-01-13T09:17:22","guid":{"rendered":"https:\/\/astromercato.it\/?page_id=203972"},"modified":"2026-01-13T10:18:03","modified_gmt":"2026-01-13T09:18:03","slug":"condizioni-duso","status":"publish","type":"page","link":"https:\/\/astromercato.it\/index.php\/condizioni-duso\/","title":{"rendered":"Condizioni d&#8217;uso"},"content":{"rendered":"\t\t<div data-elementor-type=\"wp-page\" data-elementor-id=\"203972\" class=\"elementor elementor-203972\">\n\t\t\t\t<div class=\"elementor-element elementor-element-8ed99d7 e-flex e-con-boxed wpr-particle-no wpr-jarallax-no wpr-parallax-no wpr-sticky-section-no e-con e-parent\" data-id=\"8ed99d7\" data-element_type=\"container\">\n\t\t\t\t\t<div class=\"e-con-inner\">\n\t\t\t\t<div class=\"elementor-element elementor-element-c7ed324 elementor-widget elementor-widget-text-editor\" data-id=\"c7ed324\" data-element_type=\"widget\" data-widget_type=\"text-editor.default\">\n\t\t\t\t\t\t\t\t\t<h2 data-start=\"204\" data-end=\"248\"><span style=\"color: #ffffff;\">Condizioni Generali d\u2019Uso di Astromercato<\/span><\/h2><p data-start=\"250\" data-end=\"484\"><span style=\"color: #ffffff;\">Le presenti Condizioni Generali d\u2019Uso disciplinano l\u2019accesso e l\u2019utilizzo del sito <strong data-start=\"333\" data-end=\"349\">Astromercato<\/strong> da parte degli utenti.<\/span><br data-start=\"372\" data-end=\"375\" \/><span style=\"color: #ffffff;\">Accedendo al sito e utilizzando i servizi disponibili, l\u2019utente accetta integralmente le presenti condizioni.<\/span><\/p><p data-start=\"486\" data-end=\"598\"><span style=\"color: #ffffff;\">Se l\u2019utente non intende accettare, anche parzialmente, le Condizioni d\u2019Uso, \u00e8 invitato a non utilizzare il sito.<\/span><\/p><hr data-start=\"600\" data-end=\"603\" \/><h2 data-start=\"605\" data-end=\"628\"><span style=\"color: #ffffff;\">Oggetto del servizio<\/span><\/h2><p data-start=\"630\" data-end=\"840\"><span style=\"color: #ffffff;\">Astromercato mette a disposizione degli utenti una piattaforma online che consente la consultazione di contenuti, servizi informativi e funzionalit\u00e0 digitali secondo le modalit\u00e0 e le finalit\u00e0 indicate sul sito.<\/span><\/p><p data-start=\"842\" data-end=\"986\"><span style=\"color: #ffffff;\">Astromercato si riserva il diritto di modificare, sospendere o interrompere, in tutto o in parte, i servizi offerti, senza obbligo di preavviso.<\/span><\/p><hr data-start=\"988\" data-end=\"991\" \/><h2 data-start=\"993\" data-end=\"1011\"><span style=\"color: #ffffff;\">Accesso al sito<\/span><\/h2><p data-start=\"1013\" data-end=\"1277\"><span style=\"color: #ffffff;\">L\u2019accesso al sito \u00e8 gratuito, salvo eventuali servizi specifici che prevedano condizioni particolari.<\/span><br data-start=\"1114\" data-end=\"1117\" \/><span style=\"color: #ffffff;\">L\u2019utente si impegna a utilizzare il sito in modo lecito, corretto e conforme alla normativa vigente, alle presenti Condizioni d\u2019Uso e ai principi di buona fede.<\/span><\/p><p data-start=\"1279\" data-end=\"1289\"><span style=\"color: #ffffff;\">\u00c8 vietato:<\/span><\/p><ul data-start=\"1290\" data-end=\"1495\"><li data-start=\"1290\" data-end=\"1351\"><p data-start=\"1292\" data-end=\"1351\"><span style=\"color: #ffffff;\">utilizzare il sito per finalit\u00e0 illecite o non autorizzate;<\/span><\/p><\/li><li data-start=\"1352\" data-end=\"1435\"><p data-start=\"1354\" data-end=\"1435\"><span style=\"color: #ffffff;\">tentare di danneggiare, sovraccaricare o compromettere il funzionamento del sito;<\/span><\/p><\/li><li data-start=\"1436\" data-end=\"1495\"><p data-start=\"1438\" data-end=\"1495\"><span style=\"color: #ffffff;\">accedere a dati o sezioni riservate senza autorizzazione.<\/span><\/p><\/li><\/ul><hr data-start=\"1497\" data-end=\"1500\" \/><h2 data-start=\"1502\" data-end=\"1531\"><span style=\"color: #ffffff;\">Responsabilit\u00e0 dell\u2019utente<\/span><\/h2><p data-start=\"1533\" data-end=\"1747\"><span style=\"color: #ffffff;\">L\u2019utente \u00e8 responsabile dell\u2019uso del sito e dei contenuti consultati o eventualmente inseriti.<\/span><br data-start=\"1627\" data-end=\"1630\" \/><span style=\"color: #ffffff;\">Qualsiasi utilizzo improprio che possa arrecare danni a persone, sistemi o dati sar\u00e0 perseguito nei termini di legge.<\/span><\/p><p data-start=\"1749\" data-end=\"1861\"><span style=\"color: #ffffff;\">Astromercato non \u00e8 responsabile per eventuali danni derivanti da un uso scorretto del sito da parte dell\u2019utente.<\/span><\/p><hr data-start=\"1863\" data-end=\"1866\" \/><h2 data-start=\"1868\" data-end=\"1889\"><span style=\"color: #ffffff;\">Contenuti del sito<\/span><\/h2><p data-start=\"1891\" data-end=\"2142\"><span style=\"color: #ffffff;\">Tutti i contenuti presenti su Astromercato (testi, immagini, grafiche, loghi, layout, software, marchi, ecc.) sono di propriet\u00e0 di Astromercato o dei rispettivi titolari e sono protetti dalle leggi sul diritto d\u2019autore e sulla propriet\u00e0 intellettuale.<\/span><\/p><p data-start=\"2144\" data-end=\"2322\"><span style=\"color: #ffffff;\">\u00c8 vietata la riproduzione, distribuzione, modifica o utilizzo dei contenuti senza preventiva autorizzazione scritta del titolare dei diritti, salvo quanto consentito dalla legge.<\/span><\/p><hr data-start=\"2324\" data-end=\"2327\" \/><h2 data-start=\"2329\" data-end=\"2366\"><span style=\"color: #ffffff;\">Collegamenti a siti di terze parti<\/span><\/h2><p data-start=\"2368\" data-end=\"2594\"><span style=\"color: #ffffff;\">Il sito pu\u00f2 contenere collegamenti a siti web esterni gestiti da terze parti.<\/span><br data-start=\"2445\" data-end=\"2448\" \/><span style=\"color: #ffffff;\">Astromercato non esercita alcun controllo su tali siti e non \u00e8 responsabile dei contenuti, delle politiche o delle pratiche adottate dagli stessi.<\/span><\/p><p data-start=\"2596\" data-end=\"2671\"><span style=\"color: #ffffff;\">L\u2019accesso a siti esterni avviene sotto la piena responsabilit\u00e0 dell\u2019utente.<\/span><\/p><hr data-start=\"2673\" data-end=\"2676\" \/><h2 data-start=\"2678\" data-end=\"2710\"><span style=\"color: #ffffff;\">Limitazione di responsabilit\u00e0<\/span><\/h2><p data-start=\"2712\" data-end=\"2929\"><span style=\"color: #ffffff;\">Astromercato non garantisce che il sito sia sempre disponibile, privo di errori o sicuro da virus o altri elementi dannosi.<\/span><br data-start=\"2835\" data-end=\"2838\" \/><span style=\"color: #ffffff;\">Nei limiti consentiti dalla legge, Astromercato non potr\u00e0 essere ritenuta responsabile per:<\/span><\/p><ul data-start=\"2930\" data-end=\"3067\"><li data-start=\"2930\" data-end=\"2958\"><p data-start=\"2932\" data-end=\"2958\"><span style=\"color: #ffffff;\">interruzioni del servizio;<\/span><\/p><\/li><li data-start=\"2959\" data-end=\"2977\"><p data-start=\"2961\" data-end=\"2977\"><span style=\"color: #ffffff;\">perdita di dati;<\/span><\/p><\/li><li data-start=\"2978\" data-end=\"3067\"><p data-start=\"2980\" data-end=\"3067\"><span style=\"color: #ffffff;\">danni diretti o indiretti derivanti dall\u2019uso o dall\u2019impossibilit\u00e0 di utilizzo del sito.<\/span><\/p><\/li><\/ul><hr data-start=\"3069\" data-end=\"3072\" \/><h2 data-start=\"3074\" data-end=\"3106\"><span style=\"color: #ffffff;\">Protezione dei dati personali<\/span><\/h2><p data-start=\"3108\" data-end=\"3324\"><span style=\"color: #ffffff;\">Il trattamento dei dati personali degli utenti avviene nel rispetto della normativa vigente.<\/span><br data-start=\"3200\" data-end=\"3203\" \/><span style=\"color: #ffffff;\">Per maggiori informazioni, l\u2019utente \u00e8 invitato a consultare la <strong data-start=\"3266\" data-end=\"3284\">Privacy Policy<\/strong> e la <strong data-start=\"3290\" data-end=\"3307\">Cookie Policy<\/strong> di Astromercato.<\/span><\/p><hr data-start=\"3326\" data-end=\"3329\" \/><h2 data-start=\"3331\" data-end=\"3365\"><span style=\"color: #ffffff;\">Modifiche alle Condizioni d\u2019Uso<\/span><\/h2><p data-start=\"3367\" data-end=\"3567\"><span style=\"color: #ffffff;\">Astromercato si riserva il diritto di aggiornare o modificare in qualsiasi momento le presenti Condizioni Generali d\u2019Uso.<\/span><br data-start=\"3488\" data-end=\"3491\" \/><span style=\"color: #ffffff;\">Le modifiche saranno efficaci dal momento della loro pubblicazione sul sito.<\/span><\/p><p data-start=\"3569\" data-end=\"3674\"><span style=\"color: #ffffff;\">L\u2019uso continuato del sito successivamente alle modifiche costituisce accettazione delle nuove condizioni.<\/span><\/p><hr data-start=\"3676\" data-end=\"3679\" \/><h2 data-start=\"3681\" data-end=\"3719\"><span style=\"color: #ffffff;\">Legge applicabile e foro competente<\/span><\/h2><p data-start=\"3721\" data-end=\"3949\"><span style=\"color: #ffffff;\">Le presenti Condizioni d\u2019Uso sono regolate dalla legge italiana.<\/span><br data-start=\"3785\" data-end=\"3788\" \/><span style=\"color: #ffffff;\">Per qualsiasi controversia derivante dall\u2019interpretazione o dall\u2019applicazione delle presenti condizioni sar\u00e0 competente il foro previsto dalla normativa vigente.<\/span><\/p>\t\t\t\t\t\t\t\t<\/div>\n\t\t\t\t\t<\/div>\n\t\t\t\t<\/div>\n\t\t\t\t<\/div>\n\t\t","protected":false},"excerpt":{"rendered":"<p>Condizioni Generali d\u2019Uso di Astromercato Le presenti Condizioni Generali d\u2019Uso disciplinano l\u2019accesso e l\u2019utilizzo del sito Astromercato da parte degli utenti.Accedendo al sito e utilizzando i servizi disponibili, l\u2019utente accetta integralmente le presenti condizioni. Se l\u2019utente non intende accettare, anche parzialmente, le Condizioni d\u2019Uso, \u00e8 invitato a non utilizzare il sito. Oggetto del servizio Astromercato mette a disposizione degli utenti una piattaforma online che consente la consultazione di contenuti, servizi informativi e funzionalit\u00e0 digitali secondo le modalit\u00e0 e le finalit\u00e0 indicate sul sito. Astromercato si riserva il diritto di modificare, sospendere o interrompere, in tutto o in parte, i servizi offerti, senza obbligo di preavviso. Accesso al sito L\u2019accesso al sito \u00e8 gratuito, salvo eventuali servizi specifici che prevedano condizioni particolari.L\u2019utente si impegna a utilizzare il sito in modo lecito, corretto e conforme alla normativa vigente, alle presenti Condizioni d\u2019Uso e ai principi di buona fede. \u00c8 vietato: utilizzare il sito per finalit\u00e0 illecite o non autorizzate; tentare di danneggiare, sovraccaricare o compromettere il funzionamento del sito; accedere a dati o sezioni riservate senza autorizzazione. Responsabilit\u00e0 dell\u2019utente L\u2019utente \u00e8 responsabile dell\u2019uso del sito e dei contenuti consultati o eventualmente inseriti.Qualsiasi utilizzo improprio che possa arrecare danni a persone, sistemi o dati sar\u00e0 perseguito nei termini di legge. Astromercato non \u00e8 responsabile per eventuali danni derivanti da un uso scorretto del sito da parte dell\u2019utente. Contenuti del sito Tutti i contenuti presenti su Astromercato (testi, immagini, grafiche, loghi, layout, software, marchi, ecc.) sono di propriet\u00e0 di Astromercato o dei rispettivi titolari e sono protetti dalle leggi sul diritto d\u2019autore e sulla propriet\u00e0 intellettuale. \u00c8 vietata la riproduzione, distribuzione, modifica o utilizzo dei contenuti senza preventiva autorizzazione scritta del titolare dei diritti, salvo quanto consentito dalla legge. Collegamenti a siti di terze parti Il sito pu\u00f2 contenere collegamenti a siti web esterni gestiti da terze parti.Astromercato non esercita alcun controllo su tali siti e non \u00e8 responsabile dei contenuti, delle politiche o delle pratiche adottate dagli stessi. L\u2019accesso a siti esterni avviene sotto la piena responsabilit\u00e0 dell\u2019utente. Limitazione di responsabilit\u00e0 Astromercato non garantisce che il sito sia sempre disponibile, privo di errori o sicuro da virus o altri elementi dannosi.Nei limiti consentiti dalla legge, Astromercato non potr\u00e0 essere ritenuta responsabile per: interruzioni del servizio; perdita di dati; danni diretti o indiretti derivanti dall\u2019uso o dall\u2019impossibilit\u00e0 di utilizzo del sito. Protezione dei dati personali Il trattamento dei dati personali degli utenti avviene nel rispetto della normativa vigente.Per maggiori informazioni, l\u2019utente \u00e8 invitato a consultare la Privacy Policy e la Cookie Policy di Astromercato. Modifiche alle Condizioni d\u2019Uso Astromercato si riserva il diritto di aggiornare o modificare in qualsiasi momento le presenti Condizioni Generali d\u2019Uso.Le modifiche saranno efficaci dal momento della loro pubblicazione sul sito. L\u2019uso continuato del sito successivamente alle modifiche costituisce accettazione delle nuove condizioni. Legge applicabile e foro competente Le presenti Condizioni d\u2019Uso sono regolate dalla legge italiana.Per qualsiasi controversia derivante dall\u2019interpretazione o dall\u2019applicazione delle presenti condizioni sar\u00e0 competente il foro previsto dalla normativa vigente.<\/p>\n","protected":false},"author":1,"featured_media":0,"parent":0,"menu_order":0,"comment_status":"closed","ping_status":"closed","template":"","meta":{"pagelayer_contact_templates":[],"_pagelayer_content":"","footnotes":""},"class_list":["post-203972","page","type-page","status-publish","hentry"],"_links":{"self":[{"href":"https:\/\/astromercato.it\/index.php\/wp-json\/wp\/v2\/pages\/203972","targetHints":{"allow":["GET"]}}],"collection":[{"href":"https:\/\/astromercato.it\/index.php\/wp-json\/wp\/v2\/pages"}],"about":[{"href":"https:\/\/astromercato.it\/index.php\/wp-json\/wp\/v2\/types\/page"}],"author":[{"embeddable":true,"href":"https:\/\/astromercato.it\/index.php\/wp-json\/wp\/v2\/users\/1"}],"replies":[{"embeddable":true,"href":"https:\/\/astromercato.it\/index.php\/wp-json\/wp\/v2\/comments?post=203972"}],"version-history":[{"count":4,"href":"https:\/\/astromercato.it\/index.php\/wp-json\/wp\/v2\/pages\/203972\/revisions"}],"predecessor-version":[{"id":203976,"href":"https:\/\/astromercato.it\/index.php\/wp-json\/wp\/v2\/pages\/203972\/revisions\/203976"}],"wp:attachment":[{"href":"https:\/\/astromercato.it\/index.php\/wp-json\/wp\/v2\/media?parent=203972"}],"curies":[{"name":"wp","href":"https:\/\/api.w.org\/{rel}","templated":true}]}}